{"id":373,"date":"2026-01-18T05:38:41","date_gmt":"2026-01-18T04:38:41","guid":{"rendered":"https:\/\/lalalande.art\/?post_type=product&#038;p=373"},"modified":"2026-02-25T14:44:00","modified_gmt":"2026-02-25T13:44:00","slug":"clara-de-tezanos","status":"publish","type":"product","link":"https:\/\/lalalande.art\/en\/artiste\/clara-de-tezanos\/","title":{"rendered":"CLARA DE TEZANOS"},"content":{"rendered":"","protected":false},"excerpt":{"rendered":"<p>Guatemalan artist who studied photography in Paris in 2005. In 2009, she co-founded the Center for Contemporary Photography, La Fototeca and the International Photography Festival GuatePhoto. As Director of La Fototeca, she curated various exhibitions, directed editorial projects and taught for more than 10 years. She worked as chief curator for all the editions of the GuatePhoto Festival, Fototrop\u00eda Gallery and Espacio Sat\u00e9lite. Her work has been exhibited in collective and individual exhibitions both locally and internationally.<\/p>\n<p>&nbsp;<\/p>\n<p>In 2018, De Tezanos self-published \u201cPiedra-Padre, Universo\u201d and \u201cPor Maniobras de un Terceto\u201d, both edited by Alejandro Cartagena, both shortlisted in renowned international open calls like the Aperture &amp; Paris Photo First Book Award 18, PHotoESPA\u00d1A 2020 Best Photography Book of the Year 2020 and Rencontres d\u2019Arles 2020 Book Awards. She presented both books with solo exhibitions at La Erre in Guatemala City and at La Nueva F\u00e1brica in Antigua Guatemala.<\/p>\n<p>&nbsp;<\/p>\n<p>Recently, represented by La Galer\u00eda Rebelde, she has participated in various Art Fairs like Zona Maco 2020 in Mexico City, Art lima 2020 in Per\u00fa, Art Paris 2021-22-23 in Paris, Together Arts 2021 in Miami, and in Mexico Sal\u00f3n ACME 2023.\n\nHer last solo show was \u201cLa Fuente es el So\u201d at La Galer\u00eda Rebelde in Guatemala City.<\/p>\n<p>&nbsp;<\/p>\n<p>Today, Clara continues creating images in photography but is now interested in constructing larger projects that include video, sculpture and performance. Her recent work has shifted to the construction of objects and sensorial sculptures that capture light, color and sound to convert spaces into holy experiences. Her last solo exhibition at La Galer\u00eda Rebelde in 2022, was a synthesis of a decade of her research, practical work and experimentation with video, sculpture and performance.<\/p>","protected":false},"featured_media":374,"template":"","meta":{"_acf_changed":false},"product_brand":[],"product_cat":[16],"product_tag":[],"class_list":{"0":"post-373","1":"product","2":"type-product","3":"status-publish","4":"has-post-thumbnail","6":"product_cat-artiste","8":"first","9":"instock","10":"shipping-taxable","11":"product-type-simple"},"acf":[],"_links":{"self":[{"href":"https:\/\/lalalande.art\/en\/wp-json\/wp\/v2\/product\/373","targetHints":{"allow":["GET"]}}],"collection":[{"href":"https:\/\/lalalande.art\/en\/wp-json\/wp\/v2\/product"}],"about":[{"href":"https:\/\/lalalande.art\/en\/wp-json\/wp\/v2\/types\/product"}],"version-history":[{"count":1,"href":"https:\/\/lalalande.art\/en\/wp-json\/wp\/v2\/product\/373\/revisions"}],"predecessor-version":[{"id":1411,"href":"https:\/\/lalalande.art\/en\/wp-json\/wp\/v2\/product\/373\/revisions\/1411"}],"wp:featuredmedia":[{"embeddable":true,"href":"https:\/\/lalalande.art\/en\/wp-json\/wp\/v2\/media\/374"}],"wp:attachment":[{"href":"https:\/\/lalalande.art\/en\/wp-json\/wp\/v2\/media?parent=373"}],"wp:term":[{"taxonomy":"product_brand","embeddable":true,"href":"https:\/\/lalalande.art\/en\/wp-json\/wp\/v2\/product_brand?post=373"},{"taxonomy":"product_cat","embeddable":true,"href":"https:\/\/lalalande.art\/en\/wp-json\/wp\/v2\/product_cat?post=373"},{"taxonomy":"product_tag","embeddable":true,"href":"https:\/\/lalalande.art\/en\/wp-json\/wp\/v2\/product_tag?post=373"}],"curies":[{"name":"wp","href":"https:\/\/api.w.org\/{rel}","templated":true}]}}