{"id":1907,"date":"2026-04-15T11:22:42","date_gmt":"2026-04-15T09:22:42","guid":{"rendered":"https:\/\/lalalande.art\/?post_type=product&#038;p=1907"},"modified":"2026-04-15T11:22:42","modified_gmt":"2026-04-15T09:22:42","slug":"esmeralda-kosmatopoulos","status":"publish","type":"product","link":"https:\/\/lalalande.art\/en\/artiste\/esmeralda-kosmatopoulos\/","title":{"rendered":"Esmeralda Kosmatopoulos"},"content":{"rendered":"","protected":false},"excerpt":{"rendered":"<p class=\"font_8\">Esmeralda Kosmatopoulos est une artiste conceptuelle pluridisciplinaire dont le travail explore le langage et l\u2019identit\u00e9.<\/p>\n<p>Son travail a \u00e9t\u00e9 expos\u00e9 dans des galeries et institutions \u00e0 l\u2019international, notamment \u00e0 Salzburg Contemporain (Autriche), au K\u00fcnstlerhaus Wien (Autriche), \u00e0 la Kunsthal Charlottenborg (Danemark), \u00e0 la Kunsthal Aarhus (Aarhus, Danemark), au Times Art Museum (Chine), au MO.CO. La Panac\u00e9e (France), au Sainsbury Centre (Royaume-Uni), \u00e0 Somerset House (Royaume-Uni), au Palazzo delle Arti Napoli (Italie), aux Gallerie delle Prigioni \u2013 Luciano Benetton Collections (Italie), au Mus\u00e9e Zadkine (France), \u00e0 l\u2019AMA | Art Museum of the Americas (Washington, DC, \u00c9tats-Unis), \u00e0 l\u2019Institut fran\u00e7ais d\u2019Ath\u00e8nes (Gr\u00e8ce) ainsi qu\u2019au CICA Museum (Cor\u00e9e), entre autres.<\/p>\n<p style=\"text-align: left;\">Kosmatopoulos a \u00e9galement collabor\u00e9 avec des organisations engag\u00e9es sur des enjeux sociaux telles que l\u2019Organization of American States (Washington, DC, \u00c9tats-Unis), la Kayany Foundation (Beyrouth, Liban), UNICEF Blue Dot (Ath\u00e8nes, Gr\u00e8ce), One Happy Family (Lesbos, Gr\u00e8ce) et le Mus\u00e9e Louis Braille (France) pour cr\u00e9er des installations de grande envergure visant \u00e0 sensibiliser aux questions sociales.<\/p>","protected":false},"featured_media":1908,"template":"","meta":{"_acf_changed":false},"product_brand":[],"product_cat":[16],"product_tag":[],"class_list":{"0":"post-1907","1":"product","2":"type-product","3":"status-publish","4":"has-post-thumbnail","6":"product_cat-artiste","8":"first","9":"instock","10":"shipping-taxable","11":"product-type-simple"},"acf":[],"_links":{"self":[{"href":"https:\/\/lalalande.art\/en\/wp-json\/wp\/v2\/product\/1907","targetHints":{"allow":["GET"]}}],"collection":[{"href":"https:\/\/lalalande.art\/en\/wp-json\/wp\/v2\/product"}],"about":[{"href":"https:\/\/lalalande.art\/en\/wp-json\/wp\/v2\/types\/product"}],"version-history":[{"count":2,"href":"https:\/\/lalalande.art\/en\/wp-json\/wp\/v2\/product\/1907\/revisions"}],"predecessor-version":[{"id":1910,"href":"https:\/\/lalalande.art\/en\/wp-json\/wp\/v2\/product\/1907\/revisions\/1910"}],"wp:featuredmedia":[{"embeddable":true,"href":"https:\/\/lalalande.art\/en\/wp-json\/wp\/v2\/media\/1908"}],"wp:attachment":[{"href":"https:\/\/lalalande.art\/en\/wp-json\/wp\/v2\/media?parent=1907"}],"wp:term":[{"taxonomy":"product_brand","embeddable":true,"href":"https:\/\/lalalande.art\/en\/wp-json\/wp\/v2\/product_brand?post=1907"},{"taxonomy":"product_cat","embeddable":true,"href":"https:\/\/lalalande.art\/en\/wp-json\/wp\/v2\/product_cat?post=1907"},{"taxonomy":"product_tag","embeddable":true,"href":"https:\/\/lalalande.art\/en\/wp-json\/wp\/v2\/product_tag?post=1907"}],"curies":[{"name":"wp","href":"https:\/\/api.w.org\/{rel}","templated":true}]}}