{"id":1214,"date":"2026-01-30T17:59:32","date_gmt":"2026-01-30T16:59:32","guid":{"rendered":"https:\/\/lalalande.art\/?post_type=product&#038;p=1214"},"modified":"2026-01-30T18:00:26","modified_gmt":"2026-01-30T17:00:26","slug":"abu-dhabi-art-22","status":"publish","type":"product","link":"https:\/\/lalalande.art\/en\/foire\/abu-dhabi-art-22\/","title":{"rendered":"ABU DHABI ART"},"content":{"rendered":"<p><span style=\"font-size: 11px;\">Manarat Al Saadiyat, Abu Dhabi, \u00c9mirats arabes unis\u00a0| 16 \u2013 20 Oct 2022<\/span><\/p>","protected":false},"excerpt":{"rendered":"<div class=\"scroll_section_container scroll_section_hide_first_heading\">\n<section id=\"scroll_section_overview\" class=\"scroll_section scroll_section_overview\" tabindex=\"-1\" data-subsection-type=\"overview\" aria-label=\"Overview\">\n<div class=\"subsection-overview clearwithin\">\n<div class=\"content_module clearwithin\">\n<div class=\"description prose\">\n<div>With works by H\u00e9la Ammar, B\u00e9chir Boussandel, Slimen Elkamel, El Medhi Largo, A\u00efcha Snoussi.<\/div>\n<\/div>\n<\/div>\n<\/div>\n<\/section>\n<\/div>","protected":false},"featured_media":1215,"template":"","meta":{"_acf_changed":false},"product_brand":[],"product_cat":[25],"product_tag":[],"class_list":{"0":"post-1214","1":"product","2":"type-product","3":"status-publish","4":"has-post-thumbnail","6":"product_cat-foire","8":"first","9":"instock","10":"shipping-taxable","11":"product-type-simple"},"acf":[],"_links":{"self":[{"href":"https:\/\/lalalande.art\/en\/wp-json\/wp\/v2\/product\/1214","targetHints":{"allow":["GET"]}}],"collection":[{"href":"https:\/\/lalalande.art\/en\/wp-json\/wp\/v2\/product"}],"about":[{"href":"https:\/\/lalalande.art\/en\/wp-json\/wp\/v2\/types\/product"}],"version-history":[{"count":2,"href":"https:\/\/lalalande.art\/en\/wp-json\/wp\/v2\/product\/1214\/revisions"}],"predecessor-version":[{"id":1217,"href":"https:\/\/lalalande.art\/en\/wp-json\/wp\/v2\/product\/1214\/revisions\/1217"}],"wp:featuredmedia":[{"embeddable":true,"href":"https:\/\/lalalande.art\/en\/wp-json\/wp\/v2\/media\/1215"}],"wp:attachment":[{"href":"https:\/\/lalalande.art\/en\/wp-json\/wp\/v2\/media?parent=1214"}],"wp:term":[{"taxonomy":"product_brand","embeddable":true,"href":"https:\/\/lalalande.art\/en\/wp-json\/wp\/v2\/product_brand?post=1214"},{"taxonomy":"product_cat","embeddable":true,"href":"https:\/\/lalalande.art\/en\/wp-json\/wp\/v2\/product_cat?post=1214"},{"taxonomy":"product_tag","embeddable":true,"href":"https:\/\/lalalande.art\/en\/wp-json\/wp\/v2\/product_tag?post=1214"}],"curies":[{"name":"wp","href":"https:\/\/api.w.org\/{rel}","templated":true}]}}