{"id":1199,"date":"2026-01-30T17:54:03","date_gmt":"2026-01-30T16:54:03","guid":{"rendered":"https:\/\/lalalande.art\/?post_type=product&#038;p=1199"},"modified":"2026-01-30T17:54:03","modified_gmt":"2026-01-30T16:54:03","slug":"luxembourg-artweek","status":"publish","type":"product","link":"https:\/\/lalalande.art\/en\/foire\/luxembourg-artweek\/","title":{"rendered":"LUXEMBOURG ARTWEEK"},"content":{"rendered":"<p><span style=\"font-size: 11px;\">10 \u2013 12 Nov 2023<\/span><\/p>","protected":false},"excerpt":{"rendered":"<div class=\"scroll_section_container scroll_section_hide_first_heading\">\n<section id=\"scroll_section_overview\" class=\"scroll_section scroll_section_overview\" tabindex=\"-1\" data-subsection-type=\"overview\" aria-label=\"Overview\">\n<div class=\"subsection-overview clearwithin\">\n<div class=\"content_module clearwithin\">\n<div class=\"description prose\">\n<p>For Luxembourg Artweek, Galerie Lalalande travelled to Luxembourg to present works by Miles Debas, Adrian Pepe, Eser G\u00fcnd\u00fcz, A\u00efcha Snoussi and B\u00e9chir Boussandel.<\/p>\n<\/div>\n<\/div>\n<\/div>\n<\/section>\n<\/div>","protected":false},"featured_media":1200,"template":"","meta":{"_acf_changed":false},"product_brand":[],"product_cat":[25],"product_tag":[],"class_list":{"0":"post-1199","1":"product","2":"type-product","3":"status-publish","4":"has-post-thumbnail","6":"product_cat-foire","8":"first","9":"instock","10":"shipping-taxable","11":"product-type-simple"},"acf":[],"_links":{"self":[{"href":"https:\/\/lalalande.art\/en\/wp-json\/wp\/v2\/product\/1199","targetHints":{"allow":["GET"]}}],"collection":[{"href":"https:\/\/lalalande.art\/en\/wp-json\/wp\/v2\/product"}],"about":[{"href":"https:\/\/lalalande.art\/en\/wp-json\/wp\/v2\/types\/product"}],"version-history":[{"count":1,"href":"https:\/\/lalalande.art\/en\/wp-json\/wp\/v2\/product\/1199\/revisions"}],"predecessor-version":[{"id":1206,"href":"https:\/\/lalalande.art\/en\/wp-json\/wp\/v2\/product\/1199\/revisions\/1206"}],"wp:featuredmedia":[{"embeddable":true,"href":"https:\/\/lalalande.art\/en\/wp-json\/wp\/v2\/media\/1200"}],"wp:attachment":[{"href":"https:\/\/lalalande.art\/en\/wp-json\/wp\/v2\/media?parent=1199"}],"wp:term":[{"taxonomy":"product_brand","embeddable":true,"href":"https:\/\/lalalande.art\/en\/wp-json\/wp\/v2\/product_brand?post=1199"},{"taxonomy":"product_cat","embeddable":true,"href":"https:\/\/lalalande.art\/en\/wp-json\/wp\/v2\/product_cat?post=1199"},{"taxonomy":"product_tag","embeddable":true,"href":"https:\/\/lalalande.art\/en\/wp-json\/wp\/v2\/product_tag?post=1199"}],"curies":[{"name":"wp","href":"https:\/\/api.w.org\/{rel}","templated":true}]}}