{"id":1169,"date":"2026-01-30T17:36:04","date_gmt":"2026-01-30T16:36:04","guid":{"rendered":"https:\/\/lalalande.art\/?post_type=product&#038;p=1169"},"modified":"2026-01-30T17:36:04","modified_gmt":"2026-01-30T16:36:04","slug":"art-o-rama","status":"publish","type":"product","link":"https:\/\/lalalande.art\/en\/foire\/art-o-rama\/","title":{"rendered":"ART-O-RAMA"},"content":{"rendered":"<p><span style=\"font-size: 11px;\">Marseille\u00a0| 29 \u2013 31 Aug 2025<\/span><\/p>","protected":false},"excerpt":{"rendered":"<div><strong>Arch\u00e9ologies chim\u00e9riques<br \/>\n<\/strong><br \/>\nA\u00efcha Snoussi et Ka\u00efs Dhifi deviennent arch\u00e9ologues de civilisations disparues, brouillant les fronti\u00e8res entre antiquit\u00e9 et contemporan\u00e9it\u00e9.<br \/>\nA\u00efcha met au jour des traces arch\u00e9ologiques, immerg\u00e9es sous les eaux autour de l\u2019\u00eele de Zembra et au large du B\u00e9nin, d\u2019une civilisation maritime africaine oubli\u00e9e \u2014 nomade et matriarcale.<\/div>\n<div>\nKa\u00efs combine l&rsquo;esth\u00e9tique industrielle avec des \u00e9l\u00e9ments d&rsquo;histoire, d&rsquo;arch\u00e9ologie et de r\u00e9alisme fantastique pour cr\u00e9er des sculptures intrigantes qui d\u00e9fient la perception, naviguant entre l&rsquo;artisanat ancestral et la technologie futuriste.<br \/>\nA\u00efcha diffuse des messages ind\u00e9chiffrables, issus de langues tr\u00e8s anciennes (akkadien, ph\u00e9nicien, arabe primitif et tamazight), enrichis de calligraphies de chants populaires arabes ajout\u00e9es par leurs descendants. Ka\u00efs d\u00e9coupe des formes abstraites dans des plaques de m\u00e9tal, puis grave des symboles sur des surfaces stratifi\u00e9es, avant d&rsquo;assembler ses compositions sur des structures r\u00e9alis\u00e9es selon des techniques traditionnelles.<\/p>\n<p>\u00c0 travers leurs pratiques singuli\u00e8res et stimulantes, tous deux nous offrent les symboles \u00e9nigmatiques et mystiques de leurs mondes respectifs, red\u00e9finissant la notion m\u00eame de narration visuelle dans l\u2019art contemporain.<\/p><\/div>","protected":false},"featured_media":1170,"template":"","meta":{"_acf_changed":false},"product_brand":[],"product_cat":[25],"product_tag":[],"class_list":{"0":"post-1169","1":"product","2":"type-product","3":"status-publish","4":"has-post-thumbnail","6":"product_cat-foire","8":"first","9":"instock","10":"shipping-taxable","11":"product-type-simple"},"acf":[],"_links":{"self":[{"href":"https:\/\/lalalande.art\/en\/wp-json\/wp\/v2\/product\/1169","targetHints":{"allow":["GET"]}}],"collection":[{"href":"https:\/\/lalalande.art\/en\/wp-json\/wp\/v2\/product"}],"about":[{"href":"https:\/\/lalalande.art\/en\/wp-json\/wp\/v2\/types\/product"}],"version-history":[{"count":1,"href":"https:\/\/lalalande.art\/en\/wp-json\/wp\/v2\/product\/1169\/revisions"}],"predecessor-version":[{"id":1171,"href":"https:\/\/lalalande.art\/en\/wp-json\/wp\/v2\/product\/1169\/revisions\/1171"}],"wp:featuredmedia":[{"embeddable":true,"href":"https:\/\/lalalande.art\/en\/wp-json\/wp\/v2\/media\/1170"}],"wp:attachment":[{"href":"https:\/\/lalalande.art\/en\/wp-json\/wp\/v2\/media?parent=1169"}],"wp:term":[{"taxonomy":"product_brand","embeddable":true,"href":"https:\/\/lalalande.art\/en\/wp-json\/wp\/v2\/product_brand?post=1169"},{"taxonomy":"product_cat","embeddable":true,"href":"https:\/\/lalalande.art\/en\/wp-json\/wp\/v2\/product_cat?post=1169"},{"taxonomy":"product_tag","embeddable":true,"href":"https:\/\/lalalande.art\/en\/wp-json\/wp\/v2\/product_tag?post=1169"}],"curies":[{"name":"wp","href":"https:\/\/api.w.org\/{rel}","templated":true}]}}