{"id":1160,"date":"2026-01-30T17:30:18","date_gmt":"2026-01-30T16:30:18","guid":{"rendered":"https:\/\/lalalande.art\/?post_type=product&#038;p=1160"},"modified":"2026-01-30T17:30:18","modified_gmt":"2026-01-30T16:30:18","slug":"asia-now","status":"publish","type":"product","link":"https:\/\/lalalande.art\/en\/foire\/asia-now\/","title":{"rendered":"ASIA NOW"},"content":{"rendered":"<p><span style=\"font-size: 11px;\">Paris\u00a0| 22 \u2013 26 Oct 2025<\/span><\/p>","protected":false},"excerpt":{"rendered":"<p class=\"p1\">Elham Etemadi\u00a0est n\u00e9e \u00e0 Shiraz en Iran en 1983, et travaille aujourd\u2019hui \u00e0 Paris. Docteure en arts visuels, elle d\u00e9veloppe une peinture vibrante et onirique o\u00f9 se m\u00ealent figures humaines, animaux et architectures imaginaires. Son univers color\u00e9 explore la m\u00e9moire, le r\u00eave et la construction d\u2019espaces int\u00e9rieurs, entre r\u00e9alit\u00e9 et imagination.<\/p>\n<p class=\"p2\">\n<p class=\"p1\">Mamali Shafahi\u00a0est lui n\u00e9 \u00e0 T\u00e9h\u00e9ran en 1982, et travaille entre Paris et T\u00e9h\u00e9ran. Son travail, m\u00ealant sculpture, vid\u00e9o et installation, explore la transmission interg\u00e9n\u00e9rationnelle, les mythologies contemporaines et l\u2019impact des technologies sur nos identit\u00e9s. Son univers hybride relie l\u2019intime au virtuel, entre h\u00e9ritage familial et futur num\u00e9rique.<\/p>\n<p class=\"p3\">\n<p class=\"p1\">Pour cette \u00e9dition d\u2019Asia Now,\u00a0Mamali Shafahi\u00a0s\u2019associe une nouvelle fois \u00e0\u00a0Domenico Gutknecht. Ensemble, ils ont con\u00e7u deux \u0153uvres in\u00e9dites o\u00f9 se rencontrent peinture \u00e0 l\u2019huile et sculpture en r\u00e9sine \u00e9poxy, fusionnant leurs univers respectifs dans un dialogue \u00e0 la fois sensuel et exp\u00e9rimental.<\/p>","protected":false},"featured_media":1161,"template":"","meta":{"_acf_changed":false},"product_brand":[],"product_cat":[25],"product_tag":[],"class_list":{"0":"post-1160","1":"product","2":"type-product","3":"status-publish","4":"has-post-thumbnail","6":"product_cat-foire","8":"first","9":"instock","10":"shipping-taxable","11":"product-type-simple"},"acf":[],"_links":{"self":[{"href":"https:\/\/lalalande.art\/en\/wp-json\/wp\/v2\/product\/1160","targetHints":{"allow":["GET"]}}],"collection":[{"href":"https:\/\/lalalande.art\/en\/wp-json\/wp\/v2\/product"}],"about":[{"href":"https:\/\/lalalande.art\/en\/wp-json\/wp\/v2\/types\/product"}],"version-history":[{"count":1,"href":"https:\/\/lalalande.art\/en\/wp-json\/wp\/v2\/product\/1160\/revisions"}],"predecessor-version":[{"id":1168,"href":"https:\/\/lalalande.art\/en\/wp-json\/wp\/v2\/product\/1160\/revisions\/1168"}],"wp:featuredmedia":[{"embeddable":true,"href":"https:\/\/lalalande.art\/en\/wp-json\/wp\/v2\/media\/1161"}],"wp:attachment":[{"href":"https:\/\/lalalande.art\/en\/wp-json\/wp\/v2\/media?parent=1160"}],"wp:term":[{"taxonomy":"product_brand","embeddable":true,"href":"https:\/\/lalalande.art\/en\/wp-json\/wp\/v2\/product_brand?post=1160"},{"taxonomy":"product_cat","embeddable":true,"href":"https:\/\/lalalande.art\/en\/wp-json\/wp\/v2\/product_cat?post=1160"},{"taxonomy":"product_tag","embeddable":true,"href":"https:\/\/lalalande.art\/en\/wp-json\/wp\/v2\/product_tag?post=1160"}],"curies":[{"name":"wp","href":"https:\/\/api.w.org\/{rel}","templated":true}]}}