{"id":1114,"date":"2026-01-30T16:58:10","date_gmt":"2026-01-30T15:58:10","guid":{"rendered":"https:\/\/lalalande.art\/?post_type=product&#038;p=1114"},"modified":"2026-01-30T18:03:01","modified_gmt":"2026-01-30T17:03:01","slug":"abu-dhabi-art-25","status":"publish","type":"product","link":"https:\/\/lalalande.art\/en\/foire\/abu-dhabi-art-25\/","title":{"rendered":"ABU DHABI ART"},"content":{"rendered":"<p><span style=\"font-size: 11px;\">19 \u2013 23 Nov 2025<\/span><\/p>","protected":false},"excerpt":{"rendered":"<p>La Galerie La La Lande a eu le plaisir de revenir pour sa quatri\u00e8me participation \u00e0\u00a0<strong>Abu Dhabi Art<\/strong>\u00a02025 du 19 au 23 novembre 2025, qui s&rsquo;est tenue au Manarat Al Saadiyat &#8211; Sheikh Khalifa Bin Zayed Al Nahyan Hwy &#8211; au c\u0153ur du Saadiyat Cultural District sur l\u2019\u00eele de Saadiyat. Pour cette \u00e9dition, La La Lande pr\u00e9sente les \u0153uvres des artistes Sepand Danesh, Ka\u00efs Dhifi, Eser G\u00fcnd\u00fcz, Evans Mbugua, Sol\u00e8ne Ortoli, Maxime Passadore et Lin Wenjie.<\/p>","protected":false},"featured_media":1115,"template":"","meta":{"_acf_changed":false},"product_brand":[],"product_cat":[25],"product_tag":[],"class_list":{"0":"post-1114","1":"product","2":"type-product","3":"status-publish","4":"has-post-thumbnail","6":"product_cat-foire","8":"first","9":"instock","10":"shipping-taxable","11":"product-type-simple"},"acf":[],"_links":{"self":[{"href":"https:\/\/lalalande.art\/en\/wp-json\/wp\/v2\/product\/1114","targetHints":{"allow":["GET"]}}],"collection":[{"href":"https:\/\/lalalande.art\/en\/wp-json\/wp\/v2\/product"}],"about":[{"href":"https:\/\/lalalande.art\/en\/wp-json\/wp\/v2\/types\/product"}],"version-history":[{"count":2,"href":"https:\/\/lalalande.art\/en\/wp-json\/wp\/v2\/product\/1114\/revisions"}],"predecessor-version":[{"id":1883,"href":"https:\/\/lalalande.art\/en\/wp-json\/wp\/v2\/product\/1114\/revisions\/1883"}],"wp:featuredmedia":[{"embeddable":true,"href":"https:\/\/lalalande.art\/en\/wp-json\/wp\/v2\/media\/1115"}],"wp:attachment":[{"href":"https:\/\/lalalande.art\/en\/wp-json\/wp\/v2\/media?parent=1114"}],"wp:term":[{"taxonomy":"product_brand","embeddable":true,"href":"https:\/\/lalalande.art\/en\/wp-json\/wp\/v2\/product_brand?post=1114"},{"taxonomy":"product_cat","embeddable":true,"href":"https:\/\/lalalande.art\/en\/wp-json\/wp\/v2\/product_cat?post=1114"},{"taxonomy":"product_tag","embeddable":true,"href":"https:\/\/lalalande.art\/en\/wp-json\/wp\/v2\/product_tag?post=1114"}],"curies":[{"name":"wp","href":"https:\/\/api.w.org\/{rel}","templated":true}]}}