{"id":1088,"date":"2026-01-30T16:17:33","date_gmt":"2026-01-30T15:17:33","guid":{"rendered":"https:\/\/lalalande.art\/?post_type=product&#038;p=1088"},"modified":"2026-01-30T16:17:33","modified_gmt":"2026-01-30T15:17:33","slug":"a-coeur-ouvert","status":"publish","type":"product","link":"https:\/\/lalalande.art\/en\/exposition\/a-coeur-ouvert\/","title":{"rendered":"WITH OPEN HEART"},"content":{"rendered":"<p><span style=\"font-size: 11px;\">Paris, Institut du Monde Arabe | 4 Feb 2022 \u2013 6 Feb 2023<\/span><\/p>","protected":false},"excerpt":{"rendered":"<blockquote class=\"quote\"><p>\u00ab \u00c9blouissant et po\u00e9tique, le travail de Slimen Elkamel est un hommage \u00e9loquent \u00e0 cette Tunisie qu\u2019il aime tant. Le peintre y fait exploser sa culture en la mettant au service de grandioses conceptions. Narrateur de songes, l\u2019artiste ne peint pas simplement l\u2019histoire de son pays mais l\u2019humanit\u00e9 envo\u00fbtante des civilisations qui l\u2019ont travers\u00e9. L\u2019art est toujours synonyme de partages et de d\u00e9couvertes, c\u2019est donc avec un immense plaisir que j\u2019accueillerai \u00e0 l\u2019Institut du monde arabe Slimen Elkamel, plasticien virtuose de la sc\u00e8ne artistique contemporaine arabe. \u00bb<\/p>\n<p>&nbsp;<\/p>\n<p>Jack Lang<\/p><\/blockquote>\n<div class=\"description with_quote\">\n<p>D\u00e9couvrir les \u0153uvres de Slimen Elkamel, c\u2019est ressentir une particuli\u00e8re force, celle d\u2019appr\u00e9hender le monde diff\u00e9remment. En une p\u00e9riode o\u00f9 l\u2019incertitude \u00ab gagne sans que nous puissions concevoir comment \u00bb, l\u2019artiste invite \u00e0 des chemins alternatifs, ceux d\u2019une \u00ab connaissance nouvelle, flottante, qui vous donne de ne pas vous engloutir \u00bb (1). Dans un monde d\u2019information instantan\u00e9e et subie, l\u2019artiste fait le choix d\u2019un lent cheminement aux directions multiples, d\u2019un apprentissage. Se perdre comme source de connexion rhizomique. Dans un monde de personnalit\u00e9s starifi\u00e9es, h\u00e9g\u00e9moniques et futiles, l\u2019artiste fait le choix des \u00ab inconnus, des marginalis\u00e9s, des laiss\u00e9s pour compte, des passants \u00bb (2). Dans un monde de l\u2019ego, l\u2019artiste fait le choix du d\u00e9centrement, de la relation, d\u2019un rapport au non-humain r\u00e9-invent\u00e9. Dans un monde de la surveillance de masse et de la post-v\u00e9rit\u00e9, l\u2019artiste fait le choix du cod\u00e9, de l\u2019imaginaire, de la tradition orale h\u00e9rit\u00e9e de ses tantes, in\u00e9puisable source de r\u00e9sistance et de libert\u00e9. \u00ab J\u2019ai appris que l\u2019art pr\u00eate l\u2019oreille au monde lorsqu\u2019il tourne le dos \u00e0 la finitude de son histoire \u00bb (3). Entrez, pr\u00eatez l\u2019oreille au monde ! \u00ab A c\u0153ur ouvert \u00bb est un acte de vie, un appel \u00e0 un nouveau d\u00e9part, une incitation \u00e0 l\u2019\u00e9coute de la diversit\u00e9 du monde, la plus lucide des mani\u00e8res de \u00ab ne pas nous engloutir \u00bb.<\/p>\n<p>&nbsp;<\/p>\n<p>Ronan Grossiat<\/p>\n<p>&nbsp;<\/p>\n<p>(1) \u00ab Po\u00e9tique IV : Trait\u00e9 du Tout-Monde \u00bb, Edouard Glissant (1997)<\/p>\n<p>(2) \u00ab Correspondances entre Michket Krifa et Slimen Elkamel \u00bb (2020)<\/p>\n<p>(3) \u00ab Je ne veux pas que l\u2019histoire s\u2019arr\u00eate \u00bb, Slimen Elkamel (2021)<\/p>\n<\/div>","protected":false},"featured_media":1089,"template":"","meta":{"_acf_changed":false},"product_brand":[],"product_cat":[24],"product_tag":[],"class_list":{"0":"post-1088","1":"product","2":"type-product","3":"status-publish","4":"has-post-thumbnail","6":"product_cat-exposition","8":"first","9":"instock","10":"shipping-taxable","11":"product-type-simple"},"acf":[],"_links":{"self":[{"href":"https:\/\/lalalande.art\/en\/wp-json\/wp\/v2\/product\/1088","targetHints":{"allow":["GET"]}}],"collection":[{"href":"https:\/\/lalalande.art\/en\/wp-json\/wp\/v2\/product"}],"about":[{"href":"https:\/\/lalalande.art\/en\/wp-json\/wp\/v2\/types\/product"}],"version-history":[{"count":1,"href":"https:\/\/lalalande.art\/en\/wp-json\/wp\/v2\/product\/1088\/revisions"}],"predecessor-version":[{"id":1090,"href":"https:\/\/lalalande.art\/en\/wp-json\/wp\/v2\/product\/1088\/revisions\/1090"}],"wp:featuredmedia":[{"embeddable":true,"href":"https:\/\/lalalande.art\/en\/wp-json\/wp\/v2\/media\/1089"}],"wp:attachment":[{"href":"https:\/\/lalalande.art\/en\/wp-json\/wp\/v2\/media?parent=1088"}],"wp:term":[{"taxonomy":"product_brand","embeddable":true,"href":"https:\/\/lalalande.art\/en\/wp-json\/wp\/v2\/product_brand?post=1088"},{"taxonomy":"product_cat","embeddable":true,"href":"https:\/\/lalalande.art\/en\/wp-json\/wp\/v2\/product_cat?post=1088"},{"taxonomy":"product_tag","embeddable":true,"href":"https:\/\/lalalande.art\/en\/wp-json\/wp\/v2\/product_tag?post=1088"}],"curies":[{"name":"wp","href":"https:\/\/api.w.org\/{rel}","templated":true}]}}