{"id":1056,"date":"2026-01-30T14:46:25","date_gmt":"2026-01-30T13:46:25","guid":{"rendered":"https:\/\/lalalande.art\/?post_type=product&#038;p=1056"},"modified":"2026-01-30T14:46:51","modified_gmt":"2026-01-30T13:46:51","slug":"layla-%d9%84%d9%8a%d9%84%d8%a9","status":"publish","type":"product","link":"https:\/\/lalalande.art\/en\/exposition\/layla-%d9%84%d9%8a%d9%84%d8%a9\/","title":{"rendered":"LAYLA \u0644\u064a\u0644\u0629"},"content":{"rendered":"<p><span style=\"font-size: 10px;\">Ines Geoffroy | 1 Jun \u2013 1 Jul 2022<\/span><\/p>","protected":false},"excerpt":{"rendered":"<blockquote class=\"quote\"><p>Aujourd\u2019hui investie par l\u2019artiste A\u00efcha Snoussi, la galerie devient un m\u00e9morial des nuits de f\u00eate englouties, une tentative d\u2019excavation de lign\u00e9es queers.<\/p><\/blockquote>\n<div class=\"description with_quote\">\n<div>Caught in the throat by financial worries and cornered by property developers, rue Quincampoix lesbian bar Le Troisi\u00e8me Lieu was forced to close its doors in 2012, after months of resistance. Nearly a decade later, the La La Lande gallery opened on the same street, just a stone's throw from the defunct bar.<\/div>\n<div>Now occupied by artist A\u00efcha Snoussi, the gallery becomes a memorial to sunken party nights, an attempt to excavate queer lineages. The remnants of the party are transformed into offerings, and the bottles emptied of their liqueurs are filled with love letters that nobody can decipher any more. Arcade terminals, exhausted by repeated assaults, sigh: \"take, one night of my nights of love, one night of my bitter nights\". By dint of these invocations, the portrait of the singer Abdel Halim Hafez blends into the features of Le\u00efla, the artist's grandmother. Multiplied, this shifting, androgynous figure creates a new genealogy, an invitation to reinvest in a collective past.<\/div>\n<div>A bar is built in the basement, around a foosball table whose figures mutate, sketching out their future as dildos. This interstitial space is imagined by the artist as a tribute to all the clandestine bars where queer communities were able to meet up, hide away and better express themselves. Between the former cellar of Le Troisi\u00e8me Lieu and the gallery's cellar, the stones communicate and still resonate from those nights of partying and desire between girls.<\/div>\n<\/div>","protected":false},"featured_media":1057,"template":"","meta":{"_acf_changed":false},"product_brand":[],"product_cat":[24],"product_tag":[],"class_list":{"0":"post-1056","1":"product","2":"type-product","3":"status-publish","4":"has-post-thumbnail","6":"product_cat-exposition","8":"first","9":"instock","10":"shipping-taxable","11":"product-type-simple"},"acf":[],"_links":{"self":[{"href":"https:\/\/lalalande.art\/en\/wp-json\/wp\/v2\/product\/1056","targetHints":{"allow":["GET"]}}],"collection":[{"href":"https:\/\/lalalande.art\/en\/wp-json\/wp\/v2\/product"}],"about":[{"href":"https:\/\/lalalande.art\/en\/wp-json\/wp\/v2\/types\/product"}],"version-history":[{"count":2,"href":"https:\/\/lalalande.art\/en\/wp-json\/wp\/v2\/product\/1056\/revisions"}],"predecessor-version":[{"id":1065,"href":"https:\/\/lalalande.art\/en\/wp-json\/wp\/v2\/product\/1056\/revisions\/1065"}],"wp:featuredmedia":[{"embeddable":true,"href":"https:\/\/lalalande.art\/en\/wp-json\/wp\/v2\/media\/1057"}],"wp:attachment":[{"href":"https:\/\/lalalande.art\/en\/wp-json\/wp\/v2\/media?parent=1056"}],"wp:term":[{"taxonomy":"product_brand","embeddable":true,"href":"https:\/\/lalalande.art\/en\/wp-json\/wp\/v2\/product_brand?post=1056"},{"taxonomy":"product_cat","embeddable":true,"href":"https:\/\/lalalande.art\/en\/wp-json\/wp\/v2\/product_cat?post=1056"},{"taxonomy":"product_tag","embeddable":true,"href":"https:\/\/lalalande.art\/en\/wp-json\/wp\/v2\/product_tag?post=1056"}],"curies":[{"name":"wp","href":"https:\/\/api.w.org\/{rel}","templated":true}]}}