{"id":1048,"date":"2026-01-30T14:39:32","date_gmt":"2026-01-30T13:39:32","guid":{"rendered":"https:\/\/lalalande.art\/?post_type=product&#038;p=1048"},"modified":"2026-01-30T14:47:31","modified_gmt":"2026-01-30T13:47:31","slug":"lombre-dun-doute","status":"publish","type":"product","link":"https:\/\/lalalande.art\/en\/exposition\/lombre-dun-doute\/","title":{"rendered":"THE SHADOW OF A DOUBT"},"content":{"rendered":"<p><span style=\"font-size: 10px;\">Curator : Adrien Poirier | 1 Sep \u2013 1 Oct 2022<\/span><\/p>","protected":false},"excerpt":{"rendered":"<blockquote class=\"quote\">\n<div>With works by Anne-Sophie Bocquier, Guillaume Bouisset, B\u00e9chir Boussandel, Pierre Cl\u00e9ment, Samuel Fasse, Li\u00ean Ho\u00e0ng-Xu\u00e2n, Michel Jocaille, Robin Plus, Cl\u00e9ment Reinaud, Segondurante, K\u00e9vin-Ademola Sangosanya, Catherine Szleper, Marko Velk and Brigitte Zieger.<\/div>\n<\/blockquote>\n<div class=\"description with_quote\">\n<p class=\"font_8\">Alfred Hitchcock's 1943 film Shadow of a Doubt featured a young girl plagued by doubts about her uncle's supposedly murderous profile. Doubt, which questions the truth and real appearance of things, spares no human being, whatever their sex, origin or place in the social hierarchy.<\/p>\n<p class=\"font_8\">\nArtists, for their part, often play on the ambivalence and attractive power of images. Aware that doubt disturbs and worries, they project, behind the seductive icons and glitter, a message far more disturbing and tragic than the appearances they reveal. 15 artists have been brought together for the exhibition \"L'Ombre d'un doute\" (Shadow of a Doubt), which Galerie La La Lande invites you to discover from September 1 to October 1, 2022.<\/p>\n<\/div>","protected":false},"featured_media":1049,"template":"","meta":{"_acf_changed":false},"product_brand":[],"product_cat":[24],"product_tag":[],"class_list":{"0":"post-1048","1":"product","2":"type-product","3":"status-publish","4":"has-post-thumbnail","6":"product_cat-exposition","8":"first","9":"instock","10":"shipping-taxable","11":"product-type-simple"},"acf":[],"_links":{"self":[{"href":"https:\/\/lalalande.art\/en\/wp-json\/wp\/v2\/product\/1048","targetHints":{"allow":["GET"]}}],"collection":[{"href":"https:\/\/lalalande.art\/en\/wp-json\/wp\/v2\/product"}],"about":[{"href":"https:\/\/lalalande.art\/en\/wp-json\/wp\/v2\/types\/product"}],"version-history":[{"count":2,"href":"https:\/\/lalalande.art\/en\/wp-json\/wp\/v2\/product\/1048\/revisions"}],"predecessor-version":[{"id":1066,"href":"https:\/\/lalalande.art\/en\/wp-json\/wp\/v2\/product\/1048\/revisions\/1066"}],"wp:featuredmedia":[{"embeddable":true,"href":"https:\/\/lalalande.art\/en\/wp-json\/wp\/v2\/media\/1049"}],"wp:attachment":[{"href":"https:\/\/lalalande.art\/en\/wp-json\/wp\/v2\/media?parent=1048"}],"wp:term":[{"taxonomy":"product_brand","embeddable":true,"href":"https:\/\/lalalande.art\/en\/wp-json\/wp\/v2\/product_brand?post=1048"},{"taxonomy":"product_cat","embeddable":true,"href":"https:\/\/lalalande.art\/en\/wp-json\/wp\/v2\/product_cat?post=1048"},{"taxonomy":"product_tag","embeddable":true,"href":"https:\/\/lalalande.art\/en\/wp-json\/wp\/v2\/product_tag?post=1048"}],"curies":[{"name":"wp","href":"https:\/\/api.w.org\/{rel}","templated":true}]}}