{"id":90,"date":"2022-02-25T14:54:36","date_gmt":"2022-02-25T14:54:36","guid":{"rendered":"https:\/\/lalalande.art\/?page_id=303"},"modified":"2026-03-01T05:35:08","modified_gmt":"2026-03-01T04:35:08","slug":"publication","status":"publish","type":"page","link":"https:\/\/lalalande.art\/en\/publication\/","title":{"rendered":"Publications"},"content":{"rendered":"<div data-elementor-type=\"wp-page\" data-elementor-id=\"90\" class=\"elementor elementor-90\" data-elementor-post-type=\"page\">\n\t\t\t\t<div class=\"elementor-element elementor-element-283b51a5 e-flex e-con-boxed e-con e-parent\" data-id=\"283b51a5\" data-element_type=\"container\">\n\t\t\t\t\t<div class=\"e-con-inner\">\n\t\t\t\t<div class=\"elementor-element elementor-element-450dc323 elementor-widget elementor-widget-text-editor\" data-id=\"450dc323\" data-element_type=\"widget\" data-widget_type=\"text-editor.default\">\n\t\t\t\t\t\t\t\t\t \t\t\t\t\t\t\t\t<\/div>\n\t\t\t\t\t<\/div>\n\t\t\t\t<\/div>\n\t\t<div class=\"elementor-element elementor-element-5ca327d e-flex e-con-boxed e-con e-parent\" data-id=\"5ca327d\" data-element_type=\"container\">\n\t\t\t\t\t<div class=\"e-con-inner\">\n\t\t\t\t<div class=\"elementor-element elementor-element-87fb04e elementor-widget elementor-widget-spacer\" data-id=\"87fb04e\" data-element_type=\"widget\" data-widget_type=\"spacer.default\">\n\t\t\t\t\t\t\t<div class=\"elementor-spacer\">\n\t\t\t<div class=\"elementor-spacer-inner\"><\/div>\n\t\t<\/div>\n\t\t\t\t\t\t<\/div>\n\t\t\t\t\t<\/div>\n\t\t\t\t<\/div>\n\t\t<div class=\"elementor-element elementor-element-6009377 e-flex e-con-boxed e-con e-parent\" data-id=\"6009377\" data-element_type=\"container\">\n\t\t\t\t\t<div class=\"e-con-inner\">\n\t\t<div class=\"elementor-element elementor-element-525f55d e-con-full e-flex e-con e-child\" data-id=\"525f55d\" data-element_type=\"container\">\n\t\t\t\t<div class=\"elementor-element elementor-element-bd32748 elementor-widget elementor-widget-image\" data-id=\"bd32748\" data-element_type=\"widget\" data-widget_type=\"image.default\">\n\t\t\t\t\t\t\t\t\t\t\t\t\t\t\t<img fetchpriority=\"high\" decoding=\"async\" width=\"600\" height=\"650\" src=\"https:\/\/lalalande.art\/wp-content\/uploads\/2026\/01\/couverture-hd-slimen-elkamel-600x650.jpg\" class=\"attachment-arttheme-thumb-11-normal size-arttheme-thumb-11-normal wp-image-786\" alt=\"\" \/>\t\t\t\t\t\t\t\t\t\t\t\t\t\t\t<\/div>\n\t\t\t\t<\/div>\n\t\t<div class=\"elementor-element elementor-element-4b549d0 e-con-full e-flex e-con e-child\" data-id=\"4b549d0\" data-element_type=\"container\">\n\t\t\t\t<div class=\"elementor-element elementor-element-915eaba elementor-widget elementor-widget-text-editor\" data-id=\"915eaba\" data-element_type=\"widget\" data-widget_type=\"text-editor.default\">\n\t\t\t\t\t\t\t\t\t<h2 class=\"fp_title\" data-fieldname=\"heading\">Pre\u0301figuration : sur les sentiers de la peinture de Slimen Elkamel<\/h2><p><span class=\"subtitle\" data-fieldname=\"subtitle\">\u00c9dition bilingue fran\u00e7ais-anglais ; pr\u00e9face Jack Lang.<\/span><\/p><div class=\"description prose\" data-fieldname=\"content\"><div>L&rsquo;art de Slimen Elkamel (n\u00e9 en 1983 \u00e0 Mazouna en Tunisie) est p\u00e9tri du r\u00e9cit populaire et de l&rsquo;imaginaire rural accompagnant l&rsquo;artiste depuis son enfance. En cristallisant ce patrimoine litt\u00e9raire et intellectuel empreint de la tradition du conte et de la po\u00e9sie populaire, l&rsquo;artiste se singularise par une pratique artistique qui repose avant tout sur l&rsquo;exer- cice r\u00e9gulier de l&rsquo;\u00e9criture. En effet, Slimen Elkamel cr\u00e9e des textes tour \u00e0 tour po\u00e9tiques et litt\u00e9raires, tant\u00f4t m\u00e9moriels ou improvis\u00e9s, qui nourrissent profond\u00e9ment son univers plastique. L&rsquo;interaction entre \u00e9criture et peinture engendre alors un \u0153uvre color\u00e9 et foisonnant o\u00f9 les multiples r\u00e9f\u00e9rences au r\u00e9el n&#8217;emp\u00eachent pas l&rsquo;\u00e9closion d&rsquo;un imaginaire d\u00e9mesur\u00e9.<\/div><\/div>\t\t\t\t\t\t\t\t<\/div>\n\t\t\t\t<\/div>\n\t\t\t\t\t<\/div>\n\t\t\t\t<\/div>\n\t\t\t\t<\/div>","protected":false},"excerpt":{"rendered":"<p>Pre\u0301figuration : sur les sentiers de la peinture de Slimen &hellip;<\/p>","protected":false},"author":1,"featured_media":0,"parent":0,"menu_order":0,"comment_status":"closed","ping_status":"closed","template":"","meta":{"_acf_changed":false,"footnotes":""},"class_list":["post-90","page","type-page","status-publish","hentry"],"acf":[],"_links":{"self":[{"href":"https:\/\/lalalande.art\/en\/wp-json\/wp\/v2\/pages\/90","targetHints":{"allow":["GET"]}}],"collection":[{"href":"https:\/\/lalalande.art\/en\/wp-json\/wp\/v2\/pages"}],"about":[{"href":"https:\/\/lalalande.art\/en\/wp-json\/wp\/v2\/types\/page"}],"author":[{"embeddable":true,"href":"https:\/\/lalalande.art\/en\/wp-json\/wp\/v2\/users\/1"}],"replies":[{"embeddable":true,"href":"https:\/\/lalalande.art\/en\/wp-json\/wp\/v2\/comments?post=90"}],"version-history":[{"count":12,"href":"https:\/\/lalalande.art\/en\/wp-json\/wp\/v2\/pages\/90\/revisions"}],"predecessor-version":[{"id":1634,"href":"https:\/\/lalalande.art\/en\/wp-json\/wp\/v2\/pages\/90\/revisions\/1634"}],"wp:attachment":[{"href":"https:\/\/lalalande.art\/en\/wp-json\/wp\/v2\/media?parent=90"}],"curies":[{"name":"wp","href":"https:\/\/api.w.org\/{rel}","templated":true}]}}